{"id":1689,"date":"2021-02-26T12:52:38","date_gmt":"2021-02-26T11:52:38","guid":{"rendered":"https:\/\/nextore.fr\/?page_id=1689"},"modified":"2022-06-30T11:11:41","modified_gmt":"2022-06-30T09:11:41","slug":"reservation-en-ligne","status":"publish","type":"page","link":"https:\/\/nextore.fr\/index.php\/nos-solutions\/reservation-en-ligne\/","title":{"rendered":"R\u00e9servation en ligne"},"content":{"rendered":"<div id=\"pl-1689\"  class=\"panel-layout\" ><div id=\"pg-1689-0\"  class=\"panel-grid panel-has-style\" ><div class=\"siteorigin-panels-stretch panel-row-style panel-row-style-for-1689-0\" data-stretch-type=\"full-stretched\" ><div id=\"pgc-1689-0-0\"  class=\"panel-grid-cell\" ><div id=\"panel-1689-0-0-0\" class=\"so-panel widget widget_sow-hero panel-first-child panel-last-child\" data-index=\"0\" ><div\n\t\t\t\n\t\t\tclass=\"so-widget-sow-hero so-widget-sow-hero-default-98abd25d7aec-1689 so-widget-fittext-wrapper\"\n\t\t\t data-fit-text-compressor=\"0.85\"\n\t\t>\t\t\t\t<div class=\"sow-slider-base\" style=\"display: none\" tabindex=\"0\">\n\t\t\t\t\t<ul\n\t\t\t\t\tclass=\"sow-slider-images\"\n\t\t\t\t\tdata-settings=\"{&quot;pagination&quot;:true,&quot;speed&quot;:800,&quot;timeout&quot;:8000,&quot;paused&quot;:true,&quot;pause_on_hover&quot;:false,&quot;swipe&quot;:true,&quot;nav_always_show_desktop&quot;:&quot;&quot;,&quot;nav_always_show_mobile&quot;:&quot;&quot;,&quot;breakpoint&quot;:&quot;780px&quot;,&quot;unmute&quot;:false,&quot;anchor&quot;:null}\"\n\t\t\t\t\tstyle=\"min-height: 714px\"\t\t\t\t\tdata-anchor-id=\"\"\n\t\t\t\t>\t\t<li class=\"sow-slider-image  sow-slider-image-cover\" style=\"visibility: visible;;background-color: #e4dce4\" >\n\t\t\t\t\t<div class=\"sow-slider-image-container\">\n\t\t\t<div class=\"sow-slider-image-wrapper\">\n\t\t\t\t<h3 style=\"text-align: center\">R\u00c9SERVATION EN LIGNE.<\/h3>\n<p style=\"text-align: center\"><span class=\"swatch-white\">Notre syst\u00e8me de r\u00e9servation en ligne permet une gestion<\/span><br \/>\n<span class=\"swatch-white\">de vos r\u00e9servations directement depuis votre caisse.<\/span><\/p>\n<div class=\"sow-hero-buttons\" style=\"text-align: center\"><div\n\t\t\t\n\t\t\tclass=\"so-widget-sow-button so-widget-sow-button-wire-89a76199b9ac\"\n\t\t\t\n\t\t><div class=\"ow-button-base ow-button-align-center\">\n\t<a\n\thref=\"https:\/\/nextore.fr\/index.php\/contact\/\"\n\t\tclass=\"ow-icon-placement-left ow-button-hover\" \t>\n\t\t<span>\n\t\t\t\n\t\t\tContactez-nous\t\t<\/span>\n\t<\/a>\n<\/div>\n<\/div><\/div>\n\t\t\t<\/div>\n\t\t<\/div>\n\t\t<div class=\"sow-slider-image-overlay sow-slider-image-cover\" style=\"opacity: 0.88;background-image: url(https:\/\/nextore.fr\/wp-content\/uploads\/2021\/02\/nextore-fond-borne.jpg)\"  ><\/div>\t\t<\/li>\n\t\t<\/ul>\t\t\t\t<ol class=\"sow-slider-pagination\">\n\t\t\t\t\t\t\t\t\t\t\t<li><a href=\"#\" data-goto=\"0\" aria-label=\"afficher la diapositive 1\"><\/a><\/li>\n\t\t\t\t\t\t\t\t\t<\/ol>\n\n\t\t\t\t<div class=\"sow-slide-nav sow-slide-nav-next\">\n\t\t\t\t\t<a href=\"#\" data-goto=\"next\" aria-label=\"diapositive suivante\" data-action=\"next\">\n\t\t\t\t\t\t<em class=\"sow-sld-icon-thin-right\"><\/em>\n\t\t\t\t\t<\/a>\n\t\t\t\t<\/div>\n\n\t\t\t\t<div class=\"sow-slide-nav sow-slide-nav-prev\">\n\t\t\t\t\t<a href=\"#\" data-goto=\"previous\" aria-label=\"diapositive pr\u00e9c\u00e9dente\" data-action=\"prev\">\n\t\t\t\t\t\t<em class=\"sow-sld-icon-thin-left\"><\/em>\n\t\t\t\t\t<\/a>\n\t\t\t\t<\/div>\n\t\t\t\t<\/div><\/div><\/div><\/div><\/div><\/div><div id=\"pg-1689-1\"  class=\"panel-grid panel-has-style\" ><div class=\"siteorigin-panels-stretch panel-row-style panel-row-style-for-1689-1\" id=\"services\" data-stretch-type=\"full\" ><div id=\"pgc-1689-1-0\"  class=\"panel-grid-cell\" ><div id=\"panel-1689-1-0-0\" class=\"so-panel widget widget_sow-image panel-first-child\" data-index=\"1\" ><div\n\t\t\t\n\t\t\tclass=\"so-widget-sow-image so-widget-sow-image-default-c67d20f9f743-1689\"\n\t\t\t\n\t\t>\n\n<div class=\"sow-image-container\">\n\t\t<img loading=\"lazy\" decoding=\"async\" src=\"https:\/\/nextore.fr\/wp-content\/uploads\/2021\/02\/Capture-d\u2019e\u0301cran-2021-02-25-a\u0300-13.41.45.png\" width=\"356\" height=\"137\" srcset=\"https:\/\/nextore.fr\/wp-content\/uploads\/2021\/02\/Capture-d\u2019e\u0301cran-2021-02-25-a\u0300-13.41.45.png 356w, https:\/\/nextore.fr\/wp-content\/uploads\/2021\/02\/Capture-d\u2019e\u0301cran-2021-02-25-a\u0300-13.41.45-300x115.png 300w\" sizes=\"(max-width: 356px) 100vw, 356px\" title=\"33\" alt=\"\" \t\tclass=\"so-widget-image\"\/>\n\t<\/div>\n\n<\/div><\/div><div id=\"panel-1689-1-0-1\" class=\"so-panel widget widget_sow-headline\" data-index=\"2\" ><div\n\t\t\t\n\t\t\tclass=\"so-widget-sow-headline so-widget-sow-headline-default-06028825264b-1689 so-widget-fittext-wrapper\"\n\t\t\t data-fit-text-compressor=\"0.85\"\n\t\t><div class=\"sow-headline-container \">\n\t\t\t\t\t\t<div class=\"decoration\">\n\t\t\t\t\t\t<div class=\"decoration-inside\"><\/div>\n\t\t\t\t\t<\/div>\n\t\t\t\t\t\t\t\t\t\t\t<p class=\"sow-sub-headline\">\n\t\t\t\t\t\tGr\u00e2ce \u00e0 notre module int\u00e9gr\u00e9 \u00e0 votre logiciel de caisse, vos clients r\u00e9servent directement sur votre site internet. G\u00e9rez vos r\u00e9servations depuis votre logiciel et gagnez du temps en \u00e9vitant les doublons.\t\t\t\t\t\t<\/p>\n\t\t\t\t\t\t<\/div>\n<\/div><\/div><div id=\"panel-1689-1-0-2\" class=\"so-panel widget widget_sow-button\" data-index=\"3\" ><div\n\t\t\t\n\t\t\tclass=\"so-widget-sow-button so-widget-sow-button-wire-48beb218c338-1689\"\n\t\t\t\n\t\t><div class=\"ow-button-base ow-button-align-center\">\n\t<a\n\thref=\"https:\/\/nextore.fr\/index.php\/nos-solutions\/logiciel-de-caisse\/\"\n\t\tclass=\"ow-icon-placement-left ow-button-hover\" \t>\n\t\t<span>\n\t\t\t\n\t\t\tLogiciel de caisse\t\t<\/span>\n\t<\/a>\n<\/div>\n<\/div><\/div><div id=\"panel-1689-1-0-3\" class=\"so-panel widget widget_sow-image panel-last-child\" data-index=\"4\" ><div\n\t\t\t\n\t\t\tclass=\"so-widget-sow-image so-widget-sow-image-default-113ccd71f3e6-1689\"\n\t\t\t\n\t\t>\n\n<div class=\"sow-image-container\">\n\t\t<img loading=\"lazy\" decoding=\"async\" src=\"https:\/\/nextore.fr\/wp-content\/uploads\/2021\/02\/reservation-1.jpg\" width=\"1021\" height=\"507\" srcset=\"https:\/\/nextore.fr\/wp-content\/uploads\/2021\/02\/reservation-1.jpg 1021w, https:\/\/nextore.fr\/wp-content\/uploads\/2021\/02\/reservation-1-300x150.jpg 300w, https:\/\/nextore.fr\/wp-content\/uploads\/2021\/02\/reservation-1-768x381.jpg 768w\" sizes=\"(max-width: 1021px) 100vw, 1021px\" title=\"reservation\" alt=\"\" \t\tclass=\"so-widget-image\"\/>\n\t<\/div>\n\n<\/div><\/div><\/div><\/div><\/div><div id=\"pg-1689-2\"  class=\"panel-grid panel-has-style\" ><div class=\"panel-row-style panel-row-style-for-1689-2\" ><div id=\"pgc-1689-2-0\"  class=\"panel-grid-cell\" ><div id=\"panel-1689-2-0-0\" class=\"so-panel widget widget_sow-image panel-first-child panel-last-child\" data-index=\"5\" ><div class=\"panel-widget-style panel-widget-style-for-1689-2-0-0\" ><div\n\t\t\t\n\t\t\tclass=\"so-widget-sow-image so-widget-sow-image-default-d856d782ea5f-1689\"\n\t\t\t\n\t\t>\n\n<div class=\"sow-image-container\">\n\t\t<img loading=\"lazy\" decoding=\"async\" src=\"https:\/\/nextore.fr\/wp-content\/uploads\/2021\/02\/caisse-reservation-1-1024x994-e1614257753206.png\" width=\"350\" height=\"340\" sizes=\"(max-width: 350px) 100vw, 350px\" title=\"caisse-reservation-1-1024&#215;994\" alt=\"\" \t\tclass=\"so-widget-image\"\/>\n\t<\/div>\n\n<\/div><\/div><\/div><\/div><div id=\"pgc-1689-2-1\"  class=\"panel-grid-cell\" ><div id=\"panel-1689-2-1-0\" class=\"so-panel widget widget_sow-image panel-first-child\" data-index=\"6\" ><div class=\"panel-widget-style panel-widget-style-for-1689-2-1-0\" ><div\n\t\t\t\n\t\t\tclass=\"so-widget-sow-image so-widget-sow-image-default-64047dd420f0-1689\"\n\t\t\t\n\t\t>\n\n<div class=\"sow-image-container\">\n\t\t<img loading=\"lazy\" decoding=\"async\" src=\"https:\/\/nextore.fr\/wp-content\/uploads\/2021\/02\/Capture-d\u2019e\u0301cran-2021-02-25-a\u0300-13.54.25.png\" width=\"423\" height=\"221\" srcset=\"https:\/\/nextore.fr\/wp-content\/uploads\/2021\/02\/Capture-d\u2019e\u0301cran-2021-02-25-a\u0300-13.54.25.png 423w, https:\/\/nextore.fr\/wp-content\/uploads\/2021\/02\/Capture-d\u2019e\u0301cran-2021-02-25-a\u0300-13.54.25-300x157.png 300w\" sizes=\"(max-width: 423px) 100vw, 423px\" title=\"122\" alt=\"\" \t\tclass=\"so-widget-image\"\/>\n\t<\/div>\n\n<\/div><\/div><\/div><div id=\"panel-1689-2-1-1\" class=\"so-panel widget widget_sow-headline panel-last-child\" data-index=\"7\" ><div class=\"panel-widget-style panel-widget-style-for-1689-2-1-1\" ><div\n\t\t\t\n\t\t\tclass=\"so-widget-sow-headline so-widget-sow-headline-default-71d8db166ddf-1689 so-widget-fittext-wrapper\"\n\t\t\t data-fit-text-compressor=\"0.85\"\n\t\t><div class=\"sow-headline-container \">\n\t\t\t\t\t\t<div class=\"decoration\">\n\t\t\t\t\t\t<div class=\"decoration-inside\"><\/div>\n\t\t\t\t\t<\/div>\n\t\t\t\t\t\t\t\t\t\t\t<p class=\"sow-sub-headline\">\n\t\t\t\t\t\tSauvegarde de vos donn\u00e9es en temps r\u00e9el, gr\u00e2ce \u00e0 un syst\u00e8me 100% CLOUD en mode SAAS. Aucune perte de donn\u00e9es garantie.\t\t\t\t\t\t<\/p>\n\t\t\t\t\t\t<\/div>\n<\/div><\/div><\/div><\/div><\/div><\/div><div id=\"pg-1689-3\"  class=\"panel-grid panel-no-style\" ><div id=\"pgc-1689-3-0\"  class=\"panel-grid-cell\" ><div id=\"panel-1689-3-0-0\" class=\"so-panel widget widget_sow-image panel-first-child\" data-index=\"8\" ><div class=\"panel-widget-style panel-widget-style-for-1689-3-0-0\" ><div\n\t\t\t\n\t\t\tclass=\"so-widget-sow-image so-widget-sow-image-default-64047dd420f0-1689\"\n\t\t\t\n\t\t>\n\n<div class=\"sow-image-container\">\n\t\t<img loading=\"lazy\" decoding=\"async\" src=\"https:\/\/nextore.fr\/wp-content\/uploads\/2021\/02\/Capture-d\u2019e\u0301cran-2021-02-25-a\u0300-14.00.33.png\" width=\"271\" height=\"102\" sizes=\"(max-width: 271px) 100vw, 271px\" title=\"12\" alt=\"\" \t\tclass=\"so-widget-image\"\/>\n\t<\/div>\n\n<\/div><\/div><\/div><div id=\"panel-1689-3-0-1\" class=\"so-panel widget widget_sow-headline panel-last-child\" data-index=\"9\" ><div class=\"panel-widget-style panel-widget-style-for-1689-3-0-1\" ><div\n\t\t\t\n\t\t\tclass=\"so-widget-sow-headline so-widget-sow-headline-default-06570e286c67-1689 so-widget-fittext-wrapper\"\n\t\t\t data-fit-text-compressor=\"0.85\"\n\t\t><div class=\"sow-headline-container \">\n\t\t\t\t\t\t<div class=\"decoration\">\n\t\t\t\t\t\t<div class=\"decoration-inside\"><\/div>\n\t\t\t\t\t<\/div>\n\t\t\t\t\t\t\t\t\t\t\t<p class=\"sow-sub-headline\">\n\t\t\t\t\t\tG\u00e9rez toutes vos r\u00e9servations en temps r\u00e9el. Vos associ\u00e9s peuvent acc\u00e9der et prendre des rendez-vous en m\u00eame temps, depuis diff\u00e9rents appareils connect\u00e9s.\t\t\t\t\t\t<\/p>\n\t\t\t\t\t\t<\/div>\n<\/div><\/div><\/div><\/div><div id=\"pgc-1689-3-1\"  class=\"panel-grid-cell\" ><div id=\"panel-1689-3-1-0\" class=\"so-panel widget widget_sow-image panel-first-child panel-last-child\" data-index=\"10\" ><div class=\"panel-widget-style panel-widget-style-for-1689-3-1-0\" ><div\n\t\t\t\n\t\t\tclass=\"so-widget-sow-image so-widget-sow-image-default-d856d782ea5f-1689\"\n\t\t\t\n\t\t>\n\n<div class=\"sow-image-container\">\n\t\t<img loading=\"lazy\" decoding=\"async\" src=\"https:\/\/nextore.fr\/wp-content\/uploads\/2021\/02\/synchronise\u0301.jpg\" width=\"791\" height=\"549\" srcset=\"https:\/\/nextore.fr\/wp-content\/uploads\/2021\/02\/synchronise\u0301.jpg 791w, https:\/\/nextore.fr\/wp-content\/uploads\/2021\/02\/synchronise\u0301-300x208.jpg 300w, https:\/\/nextore.fr\/wp-content\/uploads\/2021\/02\/synchronise\u0301-768x533.jpg 768w\" sizes=\"(max-width: 791px) 100vw, 791px\" alt=\"\" \t\tclass=\"so-widget-image\"\/>\n\t<\/div>\n\n<\/div><\/div><\/div><\/div><\/div><div id=\"pg-1689-4\"  class=\"panel-grid panel-has-style\" ><div class=\"siteorigin-panels-stretch panel-row-style panel-row-style-for-1689-4\" id=\"contact\" data-stretch-type=\"full\" ><div id=\"pgc-1689-4-0\"  class=\"panel-grid-cell\" ><div id=\"panel-1689-4-0-0\" class=\"so-panel widget widget_sow-headline panel-first-child\" data-index=\"11\" ><div\n\t\t\t\n\t\t\tclass=\"so-widget-sow-headline so-widget-sow-headline-default-1ed4a9aaf830-1689 so-widget-fittext-wrapper\"\n\t\t\t data-fit-text-compressor=\"0.85\"\n\t\t><div class=\"sow-headline-container \">\n\t\t\t\t\t\t<div class=\"decoration\">\n\t\t\t\t\t\t<div class=\"decoration-inside\"><\/div>\n\t\t\t\t\t<\/div>\n\t\t\t\t\t\t\t\t\t\t\t<h1 class=\"sow-headline\">\n\t\t\t\t\t\tUne question ?\t\t\t\t\t\t<\/h1>\n\t\t\t\t\t\t\t\t\t\t\t\t<p class=\"sow-sub-headline\">\n\t\t\t\t\t\tUne question, un projet ? Ce serait un plaisir d\u2019en discuter avec vous.\t\t\t\t\t\t<\/p>\n\t\t\t\t\t\t<\/div>\n<\/div><\/div><div id=\"panel-1689-4-0-1\" class=\"so-panel widget widget_sow-button panel-last-child\" data-index=\"12\" ><div\n\t\t\t\n\t\t\tclass=\"so-widget-sow-button so-widget-sow-button-wire-1e39077b1613-1689\"\n\t\t\t\n\t\t><div class=\"ow-button-base ow-button-align-center\">\n\t<a\n\thref=\"https:\/\/nextore.fr\/index.php\/contact\/\"\n\t\tclass=\"ow-icon-placement-left ow-button-hover\" \t>\n\t\t<span>\n\t\t\t\n\t\t\tContactez-nous\t\t<\/span>\n\t<\/a>\n<\/div>\n<\/div><\/div><\/div><\/div><\/div><\/div>","protected":false},"excerpt":{"rendered":"<p>R\u00c9SERVATION EN LIGNE. Notre syst\u00e8me de r\u00e9servation en ligne permet une gestion de vos r\u00e9servations directement depuis votre caisse. Contactez-nous Gr\u00e2ce \u00e0 notre module int\u00e9gr\u00e9 \u00e0 votre logiciel de caisse, &#8230;<\/p>\n","protected":false},"author":1,"featured_media":0,"parent":2048,"menu_order":0,"comment_status":"closed","ping_status":"closed","template":"template-fullwidth-stretched.php","meta":{"footnotes":""},"class_list":["post-1689","page","type-page","status-publish","hentry"],"_links":{"self":[{"href":"https:\/\/nextore.fr\/index.php\/wp-json\/wp\/v2\/pages\/1689"}],"collection":[{"href":"https:\/\/nextore.fr\/index.php\/wp-json\/wp\/v2\/pages"}],"about":[{"href":"https:\/\/nextore.fr\/index.php\/wp-json\/wp\/v2\/types\/page"}],"author":[{"embeddable":true,"href":"https:\/\/nextore.fr\/index.php\/wp-json\/wp\/v2\/users\/1"}],"replies":[{"embeddable":true,"href":"https:\/\/nextore.fr\/index.php\/wp-json\/wp\/v2\/comments?post=1689"}],"version-history":[{"count":37,"href":"https:\/\/nextore.fr\/index.php\/wp-json\/wp\/v2\/pages\/1689\/revisions"}],"predecessor-version":[{"id":2233,"href":"https:\/\/nextore.fr\/index.php\/wp-json\/wp\/v2\/pages\/1689\/revisions\/2233"}],"up":[{"embeddable":true,"href":"https:\/\/nextore.fr\/index.php\/wp-json\/wp\/v2\/pages\/2048"}],"wp:attachment":[{"href":"https:\/\/nextore.fr\/index.php\/wp-json\/wp\/v2\/media?parent=1689"}],"curies":[{"name":"wp","href":"https:\/\/api.w.org\/{rel}","templated":true}]}}